{"id":2,"date":"2024-08-05T14:31:46","date_gmt":"2024-08-05T12:31:46","guid":{"rendered":"http:\/\/unpsyconseil.fr\/?page_id=2"},"modified":"2024-08-08T10:09:19","modified_gmt":"2024-08-08T08:09:19","slug":"presentation","status":"publish","type":"page","link":"https:\/\/unpsyconseil.fr\/index.php\/presentation\/","title":{"rendered":"Pr\u00e9sentation"},"content":{"rendered":"\n<p>Vous avez un doute ? Lisez les avis =><\/p>\n\n\n\n<p><a href=\"https:\/\/www.google.com\/search?sca_esv=5bde84972c3682ff&amp;sca_upv=1&amp;sxsrf=ADLYWILhR_ZAfLfS7H4kQ6d5hKTfg7H8lw:1723104001106&amp;uds=ADvngMjcH0KdF7qGWtwTBrP0nt7drdBxPpN3ZzTi9TvNZSEiyPMLGy6ijkAF1uJxiRJqnXy2c5UKr5H8iL-wWywY1-tW2nLd3OougCQqdj4Ljzs11wg19OLF9rzXRQW8l0D9lPxT2s1E&amp;si=ACC90nwjPmqJHrCEt6ewASzksVFQDX8zco_7MgBaIawvaF4-7pDEtTr3XUxbosXSCxfTu1KiwrRkJNliCIxJlL66ked-_ilkJk7fjap1dGSOUT2G-fq1vQs%3D&amp;q=Florian+BEN+SOUSSAN+Psychologue+Avis&amp;sa=X&amp;ved=2ahUKEwjAgJbP9uSHAxV0UaQEHQ0aOaUQ3PALegQIQBAF&amp;biw=1280&amp;bih=585&amp;dpr=1.5\">Google <\/a><\/p>\n\n\n\n<p><a href=\"https:\/\/www.psychologue.net\/cabinets\/ben-soussan-florian\/opinions\">Psychologue.net<\/a><\/p>\n\n\n\n<p><a href=\"https:\/\/www.starofservice.com\/professionnel\/psychologie\/revest-les-eaux\/180697374\/florian-ben-soussan\">StarOfServices<\/a><\/p>\n\n\n\n<blockquote class=\"wp-block-quote is-layout-flow wp-block-quote-is-layout-flow\">\n<p><strong>Les consultations s&rsquo;adressent aux enfants, aux adolescents et aux adultes.<\/strong><\/p>\n\n\n\n<p><strong>Pourquoi aller voir un psychologue ?<\/strong><\/p>\n\n\n\n<p>Tout simplement quelque chose ne va pas et on ressent le besoin d&rsquo;en parler.<\/p>\n\n\n\n<p>On n&rsquo;arrive pas \u00e0 savoir ce qu&rsquo;on veut ou \u00e0 faire des choix.<\/p>\n\n\n\n<p>On a des pens\u00e9es ou des images que l&rsquo;on ne peut s&#8217;emp\u00eacher d&rsquo;avoir, des pens\u00e9es trop pr\u00e9sentes, \u00e7a cogite sans arr\u00eat.<\/p>\n\n\n\n<p>Il y a des choses qu&rsquo;on ne peut s&#8217;emp\u00eacher de faire. Ou l&rsquo;on voudrait faire telle ou telle chose mais cela nous est impossible.<\/p>\n\n\n\n<p>Car on est emb\u00eat\u00e9 avec ses d\u00e9sirs, jamais celui qu&rsquo;il faudrait, pas comme on voudrait, on d\u00e9sire ce qu&rsquo;il ne faudrait pas d\u00e9sirer, ou alors on d\u00e9sire une chose et quand on l&rsquo;a, on ne le d\u00e9sire plus, on ne d\u00e9sire pas l&rsquo;\u00eatre aim\u00e9, on aime pas celui\/celle que l&rsquo;on d\u00e9sire.<\/p>\n\n\n\n<p>A tr\u00e8s vite\u00a0!<\/p>\n<\/blockquote>\n\n\n\n<p><\/p>\n","protected":false},"excerpt":{"rendered":"<p>Vous avez un doute ? Lisez les avis => Google Psychologue.net StarOfServices Les consultations s&rsquo;adressent aux enfants, aux adolescents et aux adultes. [&hellip;]<\/p>\n","protected":false},"author":1,"featured_media":0,"parent":0,"menu_order":0,"comment_status":"closed","ping_status":"open","template":"","meta":{"footnotes":""},"class_list":["post-2","page","type-page","status-publish","hentry"],"yoast_head":"<!-- This site is optimized with the Yoast SEO plugin v27.5 - https:\/\/yoast.com\/product\/yoast-seo-wordpress\/ -->\n<title>Pr\u00e9sentation - Cabinet de psychologie : Un &quot;Psy&quot; Conseil ca fait pas de mal !<\/title>\n<meta name=\"description\" content=\"Cliquer pour plus de d\u00e9tails\" \/>\n<meta name=\"robots\" content=\"index, follow, max-snippet:-1, max-image-preview:large, max-video-preview:-1\" \/>\n<link rel=\"canonical\" href=\"https:\/\/unpsyconseil.fr\/index.php\/presentation\/\" \/>\n<meta property=\"og:locale\" content=\"fr_FR\" \/>\n<meta property=\"og:type\" content=\"article\" \/>\n<meta property=\"og:title\" content=\"Pr\u00e9sentation - Cabinet de psychologie : Un &quot;Psy&quot; Conseil ca fait pas de mal !\" \/>\n<meta property=\"og:description\" content=\"Cliquer pour plus de d\u00e9tails\" \/>\n<meta property=\"og:url\" content=\"https:\/\/unpsyconseil.fr\/index.php\/presentation\/\" \/>\n<meta property=\"og:site_name\" content=\"Cabinet de psychologie : Un &quot;Psy&quot; Conseil ca fait pas de mal !\" \/>\n<meta property=\"article:publisher\" content=\"https:\/\/www.facebook.com\/unpsyconseil\/\" \/>\n<meta property=\"article:modified_time\" content=\"2024-08-08T08:09:19+00:00\" \/>\n<meta name=\"twitter:card\" content=\"summary_large_image\" \/>\n<meta name=\"twitter:label1\" content=\"Dur\u00e9e de lecture estim\u00e9e\" \/>\n\t<meta name=\"twitter:data1\" content=\"1 minute\" \/>\n<script type=\"application\/ld+json\" class=\"yoast-schema-graph\">{\"@context\":\"https:\\\/\\\/schema.org\",\"@graph\":[{\"@type\":\"WebPage\",\"@id\":\"https:\\\/\\\/unpsyconseil.fr\\\/index.php\\\/presentation\\\/\",\"url\":\"https:\\\/\\\/unpsyconseil.fr\\\/index.php\\\/presentation\\\/\",\"name\":\"Pr\u00e9sentation - Cabinet de psychologie : Un &quot;Psy&quot; Conseil ca fait pas de mal !\",\"isPartOf\":{\"@id\":\"https:\\\/\\\/unpsyconseil.fr\\\/#website\"},\"datePublished\":\"2024-08-05T12:31:46+00:00\",\"dateModified\":\"2024-08-08T08:09:19+00:00\",\"description\":\"Cliquer pour plus de d\u00e9tails\",\"breadcrumb\":{\"@id\":\"https:\\\/\\\/unpsyconseil.fr\\\/index.php\\\/presentation\\\/#breadcrumb\"},\"inLanguage\":\"fr-FR\",\"potentialAction\":[{\"@type\":\"ReadAction\",\"target\":[\"https:\\\/\\\/unpsyconseil.fr\\\/index.php\\\/presentation\\\/\"]}]},{\"@type\":\"BreadcrumbList\",\"@id\":\"https:\\\/\\\/unpsyconseil.fr\\\/index.php\\\/presentation\\\/#breadcrumb\",\"itemListElement\":[{\"@type\":\"ListItem\",\"position\":1,\"name\":\"Accueil\",\"item\":\"https:\\\/\\\/unpsyconseil.fr\\\/\"},{\"@type\":\"ListItem\",\"position\":2,\"name\":\"Pr\u00e9sentation\"}]},{\"@type\":\"WebSite\",\"@id\":\"https:\\\/\\\/unpsyconseil.fr\\\/#website\",\"url\":\"https:\\\/\\\/unpsyconseil.fr\\\/\",\"name\":\"UnPsyConseil\",\"description\":\"Florian BEN SOUSSAN psychologue\",\"publisher\":{\"@id\":\"https:\\\/\\\/unpsyconseil.fr\\\/#\\\/schema\\\/person\\\/d9e64997b782fef7efd84120e697f0ee\"},\"potentialAction\":[{\"@type\":\"SearchAction\",\"target\":{\"@type\":\"EntryPoint\",\"urlTemplate\":\"https:\\\/\\\/unpsyconseil.fr\\\/?s={search_term_string}\"},\"query-input\":{\"@type\":\"PropertyValueSpecification\",\"valueRequired\":true,\"valueName\":\"search_term_string\"}}],\"inLanguage\":\"fr-FR\"},{\"@type\":[\"Person\",\"Organization\"],\"@id\":\"https:\\\/\\\/unpsyconseil.fr\\\/#\\\/schema\\\/person\\\/d9e64997b782fef7efd84120e697f0ee\",\"name\":\"Florian BEN SOUSSAN\",\"image\":{\"@type\":\"ImageObject\",\"inLanguage\":\"fr-FR\",\"@id\":\"https:\\\/\\\/unpsyconseil.fr\\\/wp-content\\\/uploads\\\/2024\\\/08\\\/cropped-logo-Flo-1.jpg\",\"url\":\"https:\\\/\\\/unpsyconseil.fr\\\/wp-content\\\/uploads\\\/2024\\\/08\\\/cropped-logo-Flo-1.jpg\",\"contentUrl\":\"https:\\\/\\\/unpsyconseil.fr\\\/wp-content\\\/uploads\\\/2024\\\/08\\\/cropped-logo-Flo-1.jpg\",\"width\":512,\"height\":512,\"caption\":\"Florian BEN SOUSSAN\"},\"logo\":{\"@id\":\"https:\\\/\\\/unpsyconseil.fr\\\/wp-content\\\/uploads\\\/2024\\\/08\\\/cropped-logo-Flo-1.jpg\"},\"description\":\"Psychologue clincien install\u00e9 \u00e0 Sanary Sur Mer Recoit Enfants, adolescents et adultes Var agglom\u00e9ration toulonnaise\",\"sameAs\":[\"http:\\\/\\\/unpsyconseil.fr\",\"https:\\\/\\\/www.facebook.com\\\/unpsyconseil\\\/\",\"https:\\\/\\\/www.linkedin.com\\\/in\\\/florian-ben-soussan-526ba01a6\\\/\"]}]}<\/script>\n<!-- \/ Yoast SEO plugin. -->","yoast_head_json":{"title":"Pr\u00e9sentation - Cabinet de psychologie : Un &quot;Psy&quot; Conseil ca fait pas de mal !","description":"Cliquer pour plus de d\u00e9tails","robots":{"index":"index","follow":"follow","max-snippet":"max-snippet:-1","max-image-preview":"max-image-preview:large","max-video-preview":"max-video-preview:-1"},"canonical":"https:\/\/unpsyconseil.fr\/index.php\/presentation\/","og_locale":"fr_FR","og_type":"article","og_title":"Pr\u00e9sentation - Cabinet de psychologie : Un &quot;Psy&quot; Conseil ca fait pas de mal !","og_description":"Cliquer pour plus de d\u00e9tails","og_url":"https:\/\/unpsyconseil.fr\/index.php\/presentation\/","og_site_name":"Cabinet de psychologie : Un &quot;Psy&quot; Conseil ca fait pas de mal !","article_publisher":"https:\/\/www.facebook.com\/unpsyconseil\/","article_modified_time":"2024-08-08T08:09:19+00:00","twitter_card":"summary_large_image","twitter_misc":{"Dur\u00e9e de lecture estim\u00e9e":"1 minute"},"schema":{"@context":"https:\/\/schema.org","@graph":[{"@type":"WebPage","@id":"https:\/\/unpsyconseil.fr\/index.php\/presentation\/","url":"https:\/\/unpsyconseil.fr\/index.php\/presentation\/","name":"Pr\u00e9sentation - Cabinet de psychologie : Un &quot;Psy&quot; Conseil ca fait pas de mal !","isPartOf":{"@id":"https:\/\/unpsyconseil.fr\/#website"},"datePublished":"2024-08-05T12:31:46+00:00","dateModified":"2024-08-08T08:09:19+00:00","description":"Cliquer pour plus de d\u00e9tails","breadcrumb":{"@id":"https:\/\/unpsyconseil.fr\/index.php\/presentation\/#breadcrumb"},"inLanguage":"fr-FR","potentialAction":[{"@type":"ReadAction","target":["https:\/\/unpsyconseil.fr\/index.php\/presentation\/"]}]},{"@type":"BreadcrumbList","@id":"https:\/\/unpsyconseil.fr\/index.php\/presentation\/#breadcrumb","itemListElement":[{"@type":"ListItem","position":1,"name":"Accueil","item":"https:\/\/unpsyconseil.fr\/"},{"@type":"ListItem","position":2,"name":"Pr\u00e9sentation"}]},{"@type":"WebSite","@id":"https:\/\/unpsyconseil.fr\/#website","url":"https:\/\/unpsyconseil.fr\/","name":"UnPsyConseil","description":"Florian BEN SOUSSAN psychologue","publisher":{"@id":"https:\/\/unpsyconseil.fr\/#\/schema\/person\/d9e64997b782fef7efd84120e697f0ee"},"potentialAction":[{"@type":"SearchAction","target":{"@type":"EntryPoint","urlTemplate":"https:\/\/unpsyconseil.fr\/?s={search_term_string}"},"query-input":{"@type":"PropertyValueSpecification","valueRequired":true,"valueName":"search_term_string"}}],"inLanguage":"fr-FR"},{"@type":["Person","Organization"],"@id":"https:\/\/unpsyconseil.fr\/#\/schema\/person\/d9e64997b782fef7efd84120e697f0ee","name":"Florian BEN SOUSSAN","image":{"@type":"ImageObject","inLanguage":"fr-FR","@id":"https:\/\/unpsyconseil.fr\/wp-content\/uploads\/2024\/08\/cropped-logo-Flo-1.jpg","url":"https:\/\/unpsyconseil.fr\/wp-content\/uploads\/2024\/08\/cropped-logo-Flo-1.jpg","contentUrl":"https:\/\/unpsyconseil.fr\/wp-content\/uploads\/2024\/08\/cropped-logo-Flo-1.jpg","width":512,"height":512,"caption":"Florian BEN SOUSSAN"},"logo":{"@id":"https:\/\/unpsyconseil.fr\/wp-content\/uploads\/2024\/08\/cropped-logo-Flo-1.jpg"},"description":"Psychologue clincien install\u00e9 \u00e0 Sanary Sur Mer Recoit Enfants, adolescents et adultes Var agglom\u00e9ration toulonnaise","sameAs":["http:\/\/unpsyconseil.fr","https:\/\/www.facebook.com\/unpsyconseil\/","https:\/\/www.linkedin.com\/in\/florian-ben-soussan-526ba01a6\/"]}]}},"jetpack_sharing_enabled":true,"_links":{"self":[{"href":"https:\/\/unpsyconseil.fr\/index.php\/wp-json\/wp\/v2\/pages\/2","targetHints":{"allow":["GET"]}}],"collection":[{"href":"https:\/\/unpsyconseil.fr\/index.php\/wp-json\/wp\/v2\/pages"}],"about":[{"href":"https:\/\/unpsyconseil.fr\/index.php\/wp-json\/wp\/v2\/types\/page"}],"author":[{"embeddable":true,"href":"https:\/\/unpsyconseil.fr\/index.php\/wp-json\/wp\/v2\/users\/1"}],"replies":[{"embeddable":true,"href":"https:\/\/unpsyconseil.fr\/index.php\/wp-json\/wp\/v2\/comments?post=2"}],"version-history":[{"count":4,"href":"https:\/\/unpsyconseil.fr\/index.php\/wp-json\/wp\/v2\/pages\/2\/revisions"}],"predecessor-version":[{"id":63,"href":"https:\/\/unpsyconseil.fr\/index.php\/wp-json\/wp\/v2\/pages\/2\/revisions\/63"}],"wp:attachment":[{"href":"https:\/\/unpsyconseil.fr\/index.php\/wp-json\/wp\/v2\/media?parent=2"}],"curies":[{"name":"wp","href":"https:\/\/api.w.org\/{rel}","templated":true}]}}