{"id":23,"date":"2024-08-05T15:12:44","date_gmt":"2024-08-05T13:12:44","guid":{"rendered":"http:\/\/unpsyconseil.fr\/?page_id=23"},"modified":"2025-12-22T14:19:35","modified_gmt":"2025-12-22T13:19:35","slug":"contact-florian-ben-soussan","status":"publish","type":"page","link":"https:\/\/unpsyconseil.fr\/index.php\/contact-florian-ben-soussan\/","title":{"rendered":"Nous Contacter"},"content":{"rendered":"\n<p><strong>Mail g\u00e9n\u00e9ral <\/strong>: contact@unpsyconseil.fr<\/p>\n\n\n\n<p><\/p>\n\n\n\n<p> <strong>Florian BEN SOUSSAN<\/strong><\/p>\n\n\n\n<p>07.44.74.18.62 \/ florian@unpsyconseil.fr<\/p>\n\n\n\n<p><\/p>\n\n\n\n<p>Le cabinet se trouve au centre de soins,  3 rue Santa Lucia, 83200 Toulon<\/p>\n\n\n\n<iframe src=\"https:\/\/www.google.com\/maps\/embed?pb=!1m18!1m12!1m3!1d554.3498181383947!2d5.896646969559307!3d43.14553707669145!2m3!1f0!2f0!3f0!3m2!1i1024!2i768!4f13.1!3m3!1m2!1s0x12c9052ce9bfb11b%3A0xd0fc50dac8b1cbb5!2s3%20Rue%20Santa%20Lucia%2C%2083200%20Toulon!5e1!3m2!1sfr!2sfr!4v1726381111159!5m2!1sfr!2sfr\" width=\"800\" height=\"600\" style=\"border:0;\" allowfullscreen=\"\" loading=\"lazy\" referrerpolicy=\"no-referrer-when-downgrade\"><\/iframe>\n","protected":false},"excerpt":{"rendered":"<p>Mail g\u00e9n\u00e9ral : contact@unpsyconseil.fr Florian BEN SOUSSAN 07.44.74.18.62 \/ florian@unpsyconseil.fr Le cabinet se trouve au centre de soins, 3 rue Santa Lucia, [&hellip;]<\/p>\n","protected":false},"author":1,"featured_media":0,"parent":0,"menu_order":0,"comment_status":"closed","ping_status":"closed","template":"","meta":{"footnotes":""},"class_list":["post-23","page","type-page","status-publish","hentry"],"yoast_head":"<!-- This site is optimized with the Yoast SEO plugin v27.4 - https:\/\/yoast.com\/product\/yoast-seo-wordpress\/ -->\n<title>Nous Contacter - Cabinet de psychologie : Un &quot;Psy&quot; Conseil ca fait pas de mal !<\/title>\n<meta name=\"description\" content=\"Pour contacter Florian BEN SOUSSAN et prendre rdv \u00e0 Sanary sur Mer rien de plus simple\" \/>\n<meta name=\"robots\" content=\"index, follow, max-snippet:-1, max-image-preview:large, max-video-preview:-1\" \/>\n<link rel=\"canonical\" href=\"https:\/\/unpsyconseil.fr\/index.php\/contact-florian-ben-soussan\/\" \/>\n<meta property=\"og:locale\" content=\"fr_FR\" \/>\n<meta property=\"og:type\" content=\"article\" \/>\n<meta property=\"og:title\" content=\"Nous Contacter - Cabinet de psychologie : Un &quot;Psy&quot; Conseil ca fait pas de mal !\" \/>\n<meta property=\"og:description\" content=\"Pour contacter Florian BEN SOUSSAN et prendre rdv \u00e0 Sanary sur Mer rien de plus simple\" \/>\n<meta property=\"og:url\" content=\"https:\/\/unpsyconseil.fr\/index.php\/contact-florian-ben-soussan\/\" \/>\n<meta property=\"og:site_name\" content=\"Cabinet de psychologie : Un &quot;Psy&quot; Conseil ca fait pas de mal !\" \/>\n<meta property=\"article:publisher\" content=\"https:\/\/www.facebook.com\/unpsyconseil\/\" \/>\n<meta property=\"article:modified_time\" content=\"2025-12-22T13:19:35+00:00\" \/>\n<meta name=\"twitter:card\" content=\"summary_large_image\" \/>\n<meta name=\"twitter:label1\" content=\"Dur\u00e9e de lecture estim\u00e9e\" \/>\n\t<meta name=\"twitter:data1\" content=\"1 minute\" \/>\n<script type=\"application\/ld+json\" class=\"yoast-schema-graph\">{\"@context\":\"https:\\\/\\\/schema.org\",\"@graph\":[{\"@type\":\"WebPage\",\"@id\":\"https:\\\/\\\/unpsyconseil.fr\\\/index.php\\\/contact-florian-ben-soussan\\\/\",\"url\":\"https:\\\/\\\/unpsyconseil.fr\\\/index.php\\\/contact-florian-ben-soussan\\\/\",\"name\":\"Nous Contacter - Cabinet de psychologie : Un &quot;Psy&quot; Conseil ca fait pas de mal !\",\"isPartOf\":{\"@id\":\"https:\\\/\\\/unpsyconseil.fr\\\/#website\"},\"datePublished\":\"2024-08-05T13:12:44+00:00\",\"dateModified\":\"2025-12-22T13:19:35+00:00\",\"description\":\"Pour contacter Florian BEN SOUSSAN et prendre rdv \u00e0 Sanary sur Mer rien de plus simple\",\"breadcrumb\":{\"@id\":\"https:\\\/\\\/unpsyconseil.fr\\\/index.php\\\/contact-florian-ben-soussan\\\/#breadcrumb\"},\"inLanguage\":\"fr-FR\",\"potentialAction\":[{\"@type\":\"ReadAction\",\"target\":[\"https:\\\/\\\/unpsyconseil.fr\\\/index.php\\\/contact-florian-ben-soussan\\\/\"]}]},{\"@type\":\"BreadcrumbList\",\"@id\":\"https:\\\/\\\/unpsyconseil.fr\\\/index.php\\\/contact-florian-ben-soussan\\\/#breadcrumb\",\"itemListElement\":[{\"@type\":\"ListItem\",\"position\":1,\"name\":\"Accueil\",\"item\":\"https:\\\/\\\/unpsyconseil.fr\\\/\"},{\"@type\":\"ListItem\",\"position\":2,\"name\":\"Nous Contacter\"}]},{\"@type\":\"WebSite\",\"@id\":\"https:\\\/\\\/unpsyconseil.fr\\\/#website\",\"url\":\"https:\\\/\\\/unpsyconseil.fr\\\/\",\"name\":\"UnPsyConseil\",\"description\":\"Florian BEN SOUSSAN psychologue\",\"publisher\":{\"@id\":\"https:\\\/\\\/unpsyconseil.fr\\\/#\\\/schema\\\/person\\\/d9e64997b782fef7efd84120e697f0ee\"},\"potentialAction\":[{\"@type\":\"SearchAction\",\"target\":{\"@type\":\"EntryPoint\",\"urlTemplate\":\"https:\\\/\\\/unpsyconseil.fr\\\/?s={search_term_string}\"},\"query-input\":{\"@type\":\"PropertyValueSpecification\",\"valueRequired\":true,\"valueName\":\"search_term_string\"}}],\"inLanguage\":\"fr-FR\"},{\"@type\":[\"Person\",\"Organization\"],\"@id\":\"https:\\\/\\\/unpsyconseil.fr\\\/#\\\/schema\\\/person\\\/d9e64997b782fef7efd84120e697f0ee\",\"name\":\"Florian BEN SOUSSAN\",\"image\":{\"@type\":\"ImageObject\",\"inLanguage\":\"fr-FR\",\"@id\":\"https:\\\/\\\/unpsyconseil.fr\\\/wp-content\\\/uploads\\\/2024\\\/08\\\/cropped-logo-Flo-1.jpg\",\"url\":\"https:\\\/\\\/unpsyconseil.fr\\\/wp-content\\\/uploads\\\/2024\\\/08\\\/cropped-logo-Flo-1.jpg\",\"contentUrl\":\"https:\\\/\\\/unpsyconseil.fr\\\/wp-content\\\/uploads\\\/2024\\\/08\\\/cropped-logo-Flo-1.jpg\",\"width\":512,\"height\":512,\"caption\":\"Florian BEN SOUSSAN\"},\"logo\":{\"@id\":\"https:\\\/\\\/unpsyconseil.fr\\\/wp-content\\\/uploads\\\/2024\\\/08\\\/cropped-logo-Flo-1.jpg\"},\"description\":\"Psychologue clincien install\u00e9 \u00e0 Sanary Sur Mer Recoit Enfants, adolescents et adultes Var agglom\u00e9ration toulonnaise\",\"sameAs\":[\"http:\\\/\\\/unpsyconseil.fr\",\"https:\\\/\\\/www.facebook.com\\\/unpsyconseil\\\/\",\"https:\\\/\\\/www.linkedin.com\\\/in\\\/florian-ben-soussan-526ba01a6\\\/\"]}]}<\/script>\n<!-- \/ Yoast SEO plugin. -->","yoast_head_json":{"title":"Nous Contacter - Cabinet de psychologie : Un &quot;Psy&quot; Conseil ca fait pas de mal !","description":"Pour contacter Florian BEN SOUSSAN et prendre rdv \u00e0 Sanary sur Mer rien de plus simple","robots":{"index":"index","follow":"follow","max-snippet":"max-snippet:-1","max-image-preview":"max-image-preview:large","max-video-preview":"max-video-preview:-1"},"canonical":"https:\/\/unpsyconseil.fr\/index.php\/contact-florian-ben-soussan\/","og_locale":"fr_FR","og_type":"article","og_title":"Nous Contacter - Cabinet de psychologie : Un &quot;Psy&quot; Conseil ca fait pas de mal !","og_description":"Pour contacter Florian BEN SOUSSAN et prendre rdv \u00e0 Sanary sur Mer rien de plus simple","og_url":"https:\/\/unpsyconseil.fr\/index.php\/contact-florian-ben-soussan\/","og_site_name":"Cabinet de psychologie : Un &quot;Psy&quot; Conseil ca fait pas de mal !","article_publisher":"https:\/\/www.facebook.com\/unpsyconseil\/","article_modified_time":"2025-12-22T13:19:35+00:00","twitter_card":"summary_large_image","twitter_misc":{"Dur\u00e9e de lecture estim\u00e9e":"1 minute"},"schema":{"@context":"https:\/\/schema.org","@graph":[{"@type":"WebPage","@id":"https:\/\/unpsyconseil.fr\/index.php\/contact-florian-ben-soussan\/","url":"https:\/\/unpsyconseil.fr\/index.php\/contact-florian-ben-soussan\/","name":"Nous Contacter - Cabinet de psychologie : Un &quot;Psy&quot; Conseil ca fait pas de mal !","isPartOf":{"@id":"https:\/\/unpsyconseil.fr\/#website"},"datePublished":"2024-08-05T13:12:44+00:00","dateModified":"2025-12-22T13:19:35+00:00","description":"Pour contacter Florian BEN SOUSSAN et prendre rdv \u00e0 Sanary sur Mer rien de plus simple","breadcrumb":{"@id":"https:\/\/unpsyconseil.fr\/index.php\/contact-florian-ben-soussan\/#breadcrumb"},"inLanguage":"fr-FR","potentialAction":[{"@type":"ReadAction","target":["https:\/\/unpsyconseil.fr\/index.php\/contact-florian-ben-soussan\/"]}]},{"@type":"BreadcrumbList","@id":"https:\/\/unpsyconseil.fr\/index.php\/contact-florian-ben-soussan\/#breadcrumb","itemListElement":[{"@type":"ListItem","position":1,"name":"Accueil","item":"https:\/\/unpsyconseil.fr\/"},{"@type":"ListItem","position":2,"name":"Nous Contacter"}]},{"@type":"WebSite","@id":"https:\/\/unpsyconseil.fr\/#website","url":"https:\/\/unpsyconseil.fr\/","name":"UnPsyConseil","description":"Florian BEN SOUSSAN psychologue","publisher":{"@id":"https:\/\/unpsyconseil.fr\/#\/schema\/person\/d9e64997b782fef7efd84120e697f0ee"},"potentialAction":[{"@type":"SearchAction","target":{"@type":"EntryPoint","urlTemplate":"https:\/\/unpsyconseil.fr\/?s={search_term_string}"},"query-input":{"@type":"PropertyValueSpecification","valueRequired":true,"valueName":"search_term_string"}}],"inLanguage":"fr-FR"},{"@type":["Person","Organization"],"@id":"https:\/\/unpsyconseil.fr\/#\/schema\/person\/d9e64997b782fef7efd84120e697f0ee","name":"Florian BEN SOUSSAN","image":{"@type":"ImageObject","inLanguage":"fr-FR","@id":"https:\/\/unpsyconseil.fr\/wp-content\/uploads\/2024\/08\/cropped-logo-Flo-1.jpg","url":"https:\/\/unpsyconseil.fr\/wp-content\/uploads\/2024\/08\/cropped-logo-Flo-1.jpg","contentUrl":"https:\/\/unpsyconseil.fr\/wp-content\/uploads\/2024\/08\/cropped-logo-Flo-1.jpg","width":512,"height":512,"caption":"Florian BEN SOUSSAN"},"logo":{"@id":"https:\/\/unpsyconseil.fr\/wp-content\/uploads\/2024\/08\/cropped-logo-Flo-1.jpg"},"description":"Psychologue clincien install\u00e9 \u00e0 Sanary Sur Mer Recoit Enfants, adolescents et adultes Var agglom\u00e9ration toulonnaise","sameAs":["http:\/\/unpsyconseil.fr","https:\/\/www.facebook.com\/unpsyconseil\/","https:\/\/www.linkedin.com\/in\/florian-ben-soussan-526ba01a6\/"]}]}},"jetpack_sharing_enabled":true,"_links":{"self":[{"href":"https:\/\/unpsyconseil.fr\/index.php\/wp-json\/wp\/v2\/pages\/23","targetHints":{"allow":["GET"]}}],"collection":[{"href":"https:\/\/unpsyconseil.fr\/index.php\/wp-json\/wp\/v2\/pages"}],"about":[{"href":"https:\/\/unpsyconseil.fr\/index.php\/wp-json\/wp\/v2\/types\/page"}],"author":[{"embeddable":true,"href":"https:\/\/unpsyconseil.fr\/index.php\/wp-json\/wp\/v2\/users\/1"}],"replies":[{"embeddable":true,"href":"https:\/\/unpsyconseil.fr\/index.php\/wp-json\/wp\/v2\/comments?post=23"}],"version-history":[{"count":6,"href":"https:\/\/unpsyconseil.fr\/index.php\/wp-json\/wp\/v2\/pages\/23\/revisions"}],"predecessor-version":[{"id":115,"href":"https:\/\/unpsyconseil.fr\/index.php\/wp-json\/wp\/v2\/pages\/23\/revisions\/115"}],"wp:attachment":[{"href":"https:\/\/unpsyconseil.fr\/index.php\/wp-json\/wp\/v2\/media?parent=23"}],"curies":[{"name":"wp","href":"https:\/\/api.w.org\/{rel}","templated":true}]}}