{"id":25,"date":"2024-08-05T15:12:59","date_gmt":"2024-08-05T13:12:59","guid":{"rendered":"http:\/\/unpsyconseil.fr\/?page_id=25"},"modified":"2024-11-16T19:44:58","modified_gmt":"2024-11-16T18:44:58","slug":"dispositif-mon-psy","status":"publish","type":"page","link":"https:\/\/unpsyconseil.fr\/index.php\/dispositif-mon-psy\/","title":{"rendered":"Dispositif Mon Psy"},"content":{"rendered":"\n<p>Une prise en charge par l\u2019Assurance Maladie des s\u00e9ances est possible dans le cadre de la pr\u00e9vention de l\u2019aggravation des troubles en sant\u00e9 mentale d\u2019intensit\u00e9 l\u00e9g\u00e8re et mod\u00e9r\u00e9e.<\/p>\n\n\n\n<p><strong>Pour prendre rdv pour ce DISPOSITIF vous avez acc\u00e8s directement \u00e0 l&rsquo;agenda : <a href=\"https:\/\/perfactive.fr\/psychologue\/toulon\/florian-ben-soussan\">ICI <\/a><\/strong><\/p>\n\n\n\n<p><br>12 s\u00e9ances seront donc prises en charge par la CPAM et votre mutuelle. Il vous sera demand\u00e9 d&rsquo;avancer les frais de prise en charge de 50 \u20ac par s\u00e9ance sauf pour les personnes pouvant b\u00e9n\u00e9ficier du tiers-payant (consulter le site Monsoutienpsy afin de savoir si vous \u00eatre concern\u00e9).<\/p>\n\n\n\n<p><br><a href=\"https:\/\/www.ameli.fr\/var\/assure\/remboursements\/rembourse\/remboursement-seance-psychologue-mon-soutien-psy\">https:\/\/www.ameli.fr\/var\/assure\/remboursements\/rembourse\/remboursement-seance-psychologue-mon-soutien-psy<\/a><\/p>\n","protected":false},"excerpt":{"rendered":"<p>Une prise en charge par l\u2019Assurance Maladie des s\u00e9ances est possible dans le cadre de la pr\u00e9vention de l\u2019aggravation des troubles en [&hellip;]<\/p>\n","protected":false},"author":1,"featured_media":0,"parent":0,"menu_order":0,"comment_status":"closed","ping_status":"closed","template":"","meta":{"footnotes":""},"class_list":["post-25","page","type-page","status-publish","hentry"],"yoast_head":"<!-- This site is optimized with the Yoast SEO plugin v27.5 - https:\/\/yoast.com\/product\/yoast-seo-wordpress\/ -->\n<title>Dispositif Mon Psy - Cabinet de psychologie : Un &quot;Psy&quot; Conseil ca fait pas de mal !<\/title>\n<meta name=\"description\" content=\"Cliquez ici pour savoir comment b\u00e9n\u00e9ficier de s\u00e9ances rembours\u00e9es psychologue Sanary par Florian BEN SOUSSAN\" \/>\n<meta name=\"robots\" content=\"index, follow, max-snippet:-1, max-image-preview:large, max-video-preview:-1\" \/>\n<link rel=\"canonical\" href=\"https:\/\/unpsyconseil.fr\/index.php\/dispositif-mon-psy\/\" \/>\n<meta property=\"og:locale\" content=\"fr_FR\" \/>\n<meta property=\"og:type\" content=\"article\" \/>\n<meta property=\"og:title\" content=\"Dispositif Mon Psy - Cabinet de psychologie : Un &quot;Psy&quot; Conseil ca fait pas de mal !\" \/>\n<meta property=\"og:description\" content=\"Cliquez ici pour savoir comment b\u00e9n\u00e9ficier de s\u00e9ances rembours\u00e9es psychologue Sanary par Florian BEN SOUSSAN\" \/>\n<meta property=\"og:url\" content=\"https:\/\/unpsyconseil.fr\/index.php\/dispositif-mon-psy\/\" \/>\n<meta property=\"og:site_name\" content=\"Cabinet de psychologie : Un &quot;Psy&quot; Conseil ca fait pas de mal !\" \/>\n<meta property=\"article:publisher\" content=\"https:\/\/www.facebook.com\/unpsyconseil\/\" \/>\n<meta property=\"article:modified_time\" content=\"2024-11-16T18:44:58+00:00\" \/>\n<meta name=\"twitter:card\" content=\"summary_large_image\" \/>\n<meta name=\"twitter:label1\" content=\"Dur\u00e9e de lecture estim\u00e9e\" \/>\n\t<meta name=\"twitter:data1\" content=\"1 minute\" \/>\n<script type=\"application\/ld+json\" class=\"yoast-schema-graph\">{\"@context\":\"https:\\\/\\\/schema.org\",\"@graph\":[{\"@type\":\"WebPage\",\"@id\":\"https:\\\/\\\/unpsyconseil.fr\\\/index.php\\\/dispositif-mon-psy\\\/\",\"url\":\"https:\\\/\\\/unpsyconseil.fr\\\/index.php\\\/dispositif-mon-psy\\\/\",\"name\":\"Dispositif Mon Psy - Cabinet de psychologie : Un &quot;Psy&quot; Conseil ca fait pas de mal !\",\"isPartOf\":{\"@id\":\"https:\\\/\\\/unpsyconseil.fr\\\/#website\"},\"datePublished\":\"2024-08-05T13:12:59+00:00\",\"dateModified\":\"2024-11-16T18:44:58+00:00\",\"description\":\"Cliquez ici pour savoir comment b\u00e9n\u00e9ficier de s\u00e9ances rembours\u00e9es psychologue Sanary par Florian BEN SOUSSAN\",\"breadcrumb\":{\"@id\":\"https:\\\/\\\/unpsyconseil.fr\\\/index.php\\\/dispositif-mon-psy\\\/#breadcrumb\"},\"inLanguage\":\"fr-FR\",\"potentialAction\":[{\"@type\":\"ReadAction\",\"target\":[\"https:\\\/\\\/unpsyconseil.fr\\\/index.php\\\/dispositif-mon-psy\\\/\"]}]},{\"@type\":\"BreadcrumbList\",\"@id\":\"https:\\\/\\\/unpsyconseil.fr\\\/index.php\\\/dispositif-mon-psy\\\/#breadcrumb\",\"itemListElement\":[{\"@type\":\"ListItem\",\"position\":1,\"name\":\"Accueil\",\"item\":\"https:\\\/\\\/unpsyconseil.fr\\\/\"},{\"@type\":\"ListItem\",\"position\":2,\"name\":\"Dispositif Mon Psy\"}]},{\"@type\":\"WebSite\",\"@id\":\"https:\\\/\\\/unpsyconseil.fr\\\/#website\",\"url\":\"https:\\\/\\\/unpsyconseil.fr\\\/\",\"name\":\"UnPsyConseil\",\"description\":\"Florian BEN SOUSSAN psychologue\",\"publisher\":{\"@id\":\"https:\\\/\\\/unpsyconseil.fr\\\/#\\\/schema\\\/person\\\/d9e64997b782fef7efd84120e697f0ee\"},\"potentialAction\":[{\"@type\":\"SearchAction\",\"target\":{\"@type\":\"EntryPoint\",\"urlTemplate\":\"https:\\\/\\\/unpsyconseil.fr\\\/?s={search_term_string}\"},\"query-input\":{\"@type\":\"PropertyValueSpecification\",\"valueRequired\":true,\"valueName\":\"search_term_string\"}}],\"inLanguage\":\"fr-FR\"},{\"@type\":[\"Person\",\"Organization\"],\"@id\":\"https:\\\/\\\/unpsyconseil.fr\\\/#\\\/schema\\\/person\\\/d9e64997b782fef7efd84120e697f0ee\",\"name\":\"Florian BEN SOUSSAN\",\"image\":{\"@type\":\"ImageObject\",\"inLanguage\":\"fr-FR\",\"@id\":\"https:\\\/\\\/unpsyconseil.fr\\\/wp-content\\\/uploads\\\/2024\\\/08\\\/cropped-logo-Flo-1.jpg\",\"url\":\"https:\\\/\\\/unpsyconseil.fr\\\/wp-content\\\/uploads\\\/2024\\\/08\\\/cropped-logo-Flo-1.jpg\",\"contentUrl\":\"https:\\\/\\\/unpsyconseil.fr\\\/wp-content\\\/uploads\\\/2024\\\/08\\\/cropped-logo-Flo-1.jpg\",\"width\":512,\"height\":512,\"caption\":\"Florian BEN SOUSSAN\"},\"logo\":{\"@id\":\"https:\\\/\\\/unpsyconseil.fr\\\/wp-content\\\/uploads\\\/2024\\\/08\\\/cropped-logo-Flo-1.jpg\"},\"description\":\"Psychologue clincien install\u00e9 \u00e0 Sanary Sur Mer Recoit Enfants, adolescents et adultes Var agglom\u00e9ration toulonnaise\",\"sameAs\":[\"http:\\\/\\\/unpsyconseil.fr\",\"https:\\\/\\\/www.facebook.com\\\/unpsyconseil\\\/\",\"https:\\\/\\\/www.linkedin.com\\\/in\\\/florian-ben-soussan-526ba01a6\\\/\"]}]}<\/script>\n<!-- \/ Yoast SEO plugin. -->","yoast_head_json":{"title":"Dispositif Mon Psy - Cabinet de psychologie : Un &quot;Psy&quot; Conseil ca fait pas de mal !","description":"Cliquez ici pour savoir comment b\u00e9n\u00e9ficier de s\u00e9ances rembours\u00e9es psychologue Sanary par Florian BEN SOUSSAN","robots":{"index":"index","follow":"follow","max-snippet":"max-snippet:-1","max-image-preview":"max-image-preview:large","max-video-preview":"max-video-preview:-1"},"canonical":"https:\/\/unpsyconseil.fr\/index.php\/dispositif-mon-psy\/","og_locale":"fr_FR","og_type":"article","og_title":"Dispositif Mon Psy - Cabinet de psychologie : Un &quot;Psy&quot; Conseil ca fait pas de mal !","og_description":"Cliquez ici pour savoir comment b\u00e9n\u00e9ficier de s\u00e9ances rembours\u00e9es psychologue Sanary par Florian BEN SOUSSAN","og_url":"https:\/\/unpsyconseil.fr\/index.php\/dispositif-mon-psy\/","og_site_name":"Cabinet de psychologie : Un &quot;Psy&quot; Conseil ca fait pas de mal !","article_publisher":"https:\/\/www.facebook.com\/unpsyconseil\/","article_modified_time":"2024-11-16T18:44:58+00:00","twitter_card":"summary_large_image","twitter_misc":{"Dur\u00e9e de lecture estim\u00e9e":"1 minute"},"schema":{"@context":"https:\/\/schema.org","@graph":[{"@type":"WebPage","@id":"https:\/\/unpsyconseil.fr\/index.php\/dispositif-mon-psy\/","url":"https:\/\/unpsyconseil.fr\/index.php\/dispositif-mon-psy\/","name":"Dispositif Mon Psy - Cabinet de psychologie : Un &quot;Psy&quot; Conseil ca fait pas de mal !","isPartOf":{"@id":"https:\/\/unpsyconseil.fr\/#website"},"datePublished":"2024-08-05T13:12:59+00:00","dateModified":"2024-11-16T18:44:58+00:00","description":"Cliquez ici pour savoir comment b\u00e9n\u00e9ficier de s\u00e9ances rembours\u00e9es psychologue Sanary par Florian BEN SOUSSAN","breadcrumb":{"@id":"https:\/\/unpsyconseil.fr\/index.php\/dispositif-mon-psy\/#breadcrumb"},"inLanguage":"fr-FR","potentialAction":[{"@type":"ReadAction","target":["https:\/\/unpsyconseil.fr\/index.php\/dispositif-mon-psy\/"]}]},{"@type":"BreadcrumbList","@id":"https:\/\/unpsyconseil.fr\/index.php\/dispositif-mon-psy\/#breadcrumb","itemListElement":[{"@type":"ListItem","position":1,"name":"Accueil","item":"https:\/\/unpsyconseil.fr\/"},{"@type":"ListItem","position":2,"name":"Dispositif Mon Psy"}]},{"@type":"WebSite","@id":"https:\/\/unpsyconseil.fr\/#website","url":"https:\/\/unpsyconseil.fr\/","name":"UnPsyConseil","description":"Florian BEN SOUSSAN psychologue","publisher":{"@id":"https:\/\/unpsyconseil.fr\/#\/schema\/person\/d9e64997b782fef7efd84120e697f0ee"},"potentialAction":[{"@type":"SearchAction","target":{"@type":"EntryPoint","urlTemplate":"https:\/\/unpsyconseil.fr\/?s={search_term_string}"},"query-input":{"@type":"PropertyValueSpecification","valueRequired":true,"valueName":"search_term_string"}}],"inLanguage":"fr-FR"},{"@type":["Person","Organization"],"@id":"https:\/\/unpsyconseil.fr\/#\/schema\/person\/d9e64997b782fef7efd84120e697f0ee","name":"Florian BEN SOUSSAN","image":{"@type":"ImageObject","inLanguage":"fr-FR","@id":"https:\/\/unpsyconseil.fr\/wp-content\/uploads\/2024\/08\/cropped-logo-Flo-1.jpg","url":"https:\/\/unpsyconseil.fr\/wp-content\/uploads\/2024\/08\/cropped-logo-Flo-1.jpg","contentUrl":"https:\/\/unpsyconseil.fr\/wp-content\/uploads\/2024\/08\/cropped-logo-Flo-1.jpg","width":512,"height":512,"caption":"Florian BEN SOUSSAN"},"logo":{"@id":"https:\/\/unpsyconseil.fr\/wp-content\/uploads\/2024\/08\/cropped-logo-Flo-1.jpg"},"description":"Psychologue clincien install\u00e9 \u00e0 Sanary Sur Mer Recoit Enfants, adolescents et adultes Var agglom\u00e9ration toulonnaise","sameAs":["http:\/\/unpsyconseil.fr","https:\/\/www.facebook.com\/unpsyconseil\/","https:\/\/www.linkedin.com\/in\/florian-ben-soussan-526ba01a6\/"]}]}},"jetpack_sharing_enabled":true,"_links":{"self":[{"href":"https:\/\/unpsyconseil.fr\/index.php\/wp-json\/wp\/v2\/pages\/25","targetHints":{"allow":["GET"]}}],"collection":[{"href":"https:\/\/unpsyconseil.fr\/index.php\/wp-json\/wp\/v2\/pages"}],"about":[{"href":"https:\/\/unpsyconseil.fr\/index.php\/wp-json\/wp\/v2\/types\/page"}],"author":[{"embeddable":true,"href":"https:\/\/unpsyconseil.fr\/index.php\/wp-json\/wp\/v2\/users\/1"}],"replies":[{"embeddable":true,"href":"https:\/\/unpsyconseil.fr\/index.php\/wp-json\/wp\/v2\/comments?post=25"}],"version-history":[{"count":4,"href":"https:\/\/unpsyconseil.fr\/index.php\/wp-json\/wp\/v2\/pages\/25\/revisions"}],"predecessor-version":[{"id":85,"href":"https:\/\/unpsyconseil.fr\/index.php\/wp-json\/wp\/v2\/pages\/25\/revisions\/85"}],"wp:attachment":[{"href":"https:\/\/unpsyconseil.fr\/index.php\/wp-json\/wp\/v2\/media?parent=25"}],"curies":[{"name":"wp","href":"https:\/\/api.w.org\/{rel}","templated":true}]}}