{"id":27,"date":"2024-08-05T15:13:46","date_gmt":"2024-08-05T13:13:46","guid":{"rendered":"http:\/\/unpsyconseil.fr\/?page_id=27"},"modified":"2024-08-05T15:13:47","modified_gmt":"2024-08-05T13:13:47","slug":"parcours-santepsy-etudiant","status":"publish","type":"page","link":"https:\/\/unpsyconseil.fr\/index.php\/parcours-santepsy-etudiant\/","title":{"rendered":"Parcours Sant\u00e9Psy \u00c9tudiant"},"content":{"rendered":"","protected":false},"excerpt":{"rendered":"","protected":false},"author":1,"featured_media":0,"parent":0,"menu_order":0,"comment_status":"closed","ping_status":"closed","template":"","meta":{"footnotes":""},"class_list":["post-27","page","type-page","status-publish","hentry"],"yoast_head":"<!-- This site is optimized with the Yoast SEO plugin v27.4 - https:\/\/yoast.com\/product\/yoast-seo-wordpress\/ -->\n<title>Parcours Sant\u00e9Psy \u00c9tudiant - Cabinet de psychologie : Un &quot;Psy&quot; Conseil ca fait pas de mal !<\/title>\n<meta name=\"robots\" content=\"index, follow, max-snippet:-1, max-image-preview:large, max-video-preview:-1\" \/>\n<link rel=\"canonical\" href=\"https:\/\/unpsyconseil.fr\/index.php\/parcours-santepsy-etudiant\/\" \/>\n<meta property=\"og:locale\" content=\"fr_FR\" \/>\n<meta property=\"og:type\" content=\"article\" \/>\n<meta property=\"og:title\" content=\"Parcours Sant\u00e9Psy \u00c9tudiant - Cabinet de psychologie : Un &quot;Psy&quot; Conseil ca fait pas de mal !\" \/>\n<meta property=\"og:url\" content=\"https:\/\/unpsyconseil.fr\/index.php\/parcours-santepsy-etudiant\/\" \/>\n<meta property=\"og:site_name\" content=\"Cabinet de psychologie : Un &quot;Psy&quot; Conseil ca fait pas de mal !\" \/>\n<meta property=\"article:publisher\" content=\"https:\/\/www.facebook.com\/unpsyconseil\/\" \/>\n<meta property=\"article:modified_time\" content=\"2024-08-05T13:13:47+00:00\" \/>\n<meta name=\"twitter:card\" content=\"summary_large_image\" \/>\n<script type=\"application\/ld+json\" class=\"yoast-schema-graph\">{\"@context\":\"https:\\\/\\\/schema.org\",\"@graph\":[{\"@type\":\"WebPage\",\"@id\":\"https:\\\/\\\/unpsyconseil.fr\\\/index.php\\\/parcours-santepsy-etudiant\\\/\",\"url\":\"https:\\\/\\\/unpsyconseil.fr\\\/index.php\\\/parcours-santepsy-etudiant\\\/\",\"name\":\"Parcours Sant\u00e9Psy \u00c9tudiant - Cabinet de psychologie : Un &quot;Psy&quot; Conseil ca fait pas de mal !\",\"isPartOf\":{\"@id\":\"https:\\\/\\\/unpsyconseil.fr\\\/#website\"},\"datePublished\":\"2024-08-05T13:13:46+00:00\",\"dateModified\":\"2024-08-05T13:13:47+00:00\",\"breadcrumb\":{\"@id\":\"https:\\\/\\\/unpsyconseil.fr\\\/index.php\\\/parcours-santepsy-etudiant\\\/#breadcrumb\"},\"inLanguage\":\"fr-FR\",\"potentialAction\":[{\"@type\":\"ReadAction\",\"target\":[\"https:\\\/\\\/unpsyconseil.fr\\\/index.php\\\/parcours-santepsy-etudiant\\\/\"]}]},{\"@type\":\"BreadcrumbList\",\"@id\":\"https:\\\/\\\/unpsyconseil.fr\\\/index.php\\\/parcours-santepsy-etudiant\\\/#breadcrumb\",\"itemListElement\":[{\"@type\":\"ListItem\",\"position\":1,\"name\":\"Accueil\",\"item\":\"https:\\\/\\\/unpsyconseil.fr\\\/\"},{\"@type\":\"ListItem\",\"position\":2,\"name\":\"Parcours Sant\u00e9Psy \u00c9tudiant\"}]},{\"@type\":\"WebSite\",\"@id\":\"https:\\\/\\\/unpsyconseil.fr\\\/#website\",\"url\":\"https:\\\/\\\/unpsyconseil.fr\\\/\",\"name\":\"UnPsyConseil\",\"description\":\"Florian BEN SOUSSAN psychologue\",\"publisher\":{\"@id\":\"https:\\\/\\\/unpsyconseil.fr\\\/#\\\/schema\\\/person\\\/d9e64997b782fef7efd84120e697f0ee\"},\"potentialAction\":[{\"@type\":\"SearchAction\",\"target\":{\"@type\":\"EntryPoint\",\"urlTemplate\":\"https:\\\/\\\/unpsyconseil.fr\\\/?s={search_term_string}\"},\"query-input\":{\"@type\":\"PropertyValueSpecification\",\"valueRequired\":true,\"valueName\":\"search_term_string\"}}],\"inLanguage\":\"fr-FR\"},{\"@type\":[\"Person\",\"Organization\"],\"@id\":\"https:\\\/\\\/unpsyconseil.fr\\\/#\\\/schema\\\/person\\\/d9e64997b782fef7efd84120e697f0ee\",\"name\":\"Florian BEN SOUSSAN\",\"image\":{\"@type\":\"ImageObject\",\"inLanguage\":\"fr-FR\",\"@id\":\"https:\\\/\\\/unpsyconseil.fr\\\/wp-content\\\/uploads\\\/2024\\\/08\\\/cropped-logo-Flo-1.jpg\",\"url\":\"https:\\\/\\\/unpsyconseil.fr\\\/wp-content\\\/uploads\\\/2024\\\/08\\\/cropped-logo-Flo-1.jpg\",\"contentUrl\":\"https:\\\/\\\/unpsyconseil.fr\\\/wp-content\\\/uploads\\\/2024\\\/08\\\/cropped-logo-Flo-1.jpg\",\"width\":512,\"height\":512,\"caption\":\"Florian BEN SOUSSAN\"},\"logo\":{\"@id\":\"https:\\\/\\\/unpsyconseil.fr\\\/wp-content\\\/uploads\\\/2024\\\/08\\\/cropped-logo-Flo-1.jpg\"},\"description\":\"Psychologue clincien install\u00e9 \u00e0 Sanary Sur Mer Recoit Enfants, adolescents et adultes Var agglom\u00e9ration toulonnaise\",\"sameAs\":[\"http:\\\/\\\/unpsyconseil.fr\",\"https:\\\/\\\/www.facebook.com\\\/unpsyconseil\\\/\",\"https:\\\/\\\/www.linkedin.com\\\/in\\\/florian-ben-soussan-526ba01a6\\\/\"]}]}<\/script>\n<!-- \/ Yoast SEO plugin. -->","yoast_head_json":{"title":"Parcours Sant\u00e9Psy \u00c9tudiant - Cabinet de psychologie : Un &quot;Psy&quot; Conseil ca fait pas de mal !","robots":{"index":"index","follow":"follow","max-snippet":"max-snippet:-1","max-image-preview":"max-image-preview:large","max-video-preview":"max-video-preview:-1"},"canonical":"https:\/\/unpsyconseil.fr\/index.php\/parcours-santepsy-etudiant\/","og_locale":"fr_FR","og_type":"article","og_title":"Parcours Sant\u00e9Psy \u00c9tudiant - Cabinet de psychologie : Un &quot;Psy&quot; Conseil ca fait pas de mal !","og_url":"https:\/\/unpsyconseil.fr\/index.php\/parcours-santepsy-etudiant\/","og_site_name":"Cabinet de psychologie : Un &quot;Psy&quot; Conseil ca fait pas de mal !","article_publisher":"https:\/\/www.facebook.com\/unpsyconseil\/","article_modified_time":"2024-08-05T13:13:47+00:00","twitter_card":"summary_large_image","schema":{"@context":"https:\/\/schema.org","@graph":[{"@type":"WebPage","@id":"https:\/\/unpsyconseil.fr\/index.php\/parcours-santepsy-etudiant\/","url":"https:\/\/unpsyconseil.fr\/index.php\/parcours-santepsy-etudiant\/","name":"Parcours Sant\u00e9Psy \u00c9tudiant - Cabinet de psychologie : Un &quot;Psy&quot; Conseil ca fait pas de mal !","isPartOf":{"@id":"https:\/\/unpsyconseil.fr\/#website"},"datePublished":"2024-08-05T13:13:46+00:00","dateModified":"2024-08-05T13:13:47+00:00","breadcrumb":{"@id":"https:\/\/unpsyconseil.fr\/index.php\/parcours-santepsy-etudiant\/#breadcrumb"},"inLanguage":"fr-FR","potentialAction":[{"@type":"ReadAction","target":["https:\/\/unpsyconseil.fr\/index.php\/parcours-santepsy-etudiant\/"]}]},{"@type":"BreadcrumbList","@id":"https:\/\/unpsyconseil.fr\/index.php\/parcours-santepsy-etudiant\/#breadcrumb","itemListElement":[{"@type":"ListItem","position":1,"name":"Accueil","item":"https:\/\/unpsyconseil.fr\/"},{"@type":"ListItem","position":2,"name":"Parcours Sant\u00e9Psy \u00c9tudiant"}]},{"@type":"WebSite","@id":"https:\/\/unpsyconseil.fr\/#website","url":"https:\/\/unpsyconseil.fr\/","name":"UnPsyConseil","description":"Florian BEN SOUSSAN psychologue","publisher":{"@id":"https:\/\/unpsyconseil.fr\/#\/schema\/person\/d9e64997b782fef7efd84120e697f0ee"},"potentialAction":[{"@type":"SearchAction","target":{"@type":"EntryPoint","urlTemplate":"https:\/\/unpsyconseil.fr\/?s={search_term_string}"},"query-input":{"@type":"PropertyValueSpecification","valueRequired":true,"valueName":"search_term_string"}}],"inLanguage":"fr-FR"},{"@type":["Person","Organization"],"@id":"https:\/\/unpsyconseil.fr\/#\/schema\/person\/d9e64997b782fef7efd84120e697f0ee","name":"Florian BEN SOUSSAN","image":{"@type":"ImageObject","inLanguage":"fr-FR","@id":"https:\/\/unpsyconseil.fr\/wp-content\/uploads\/2024\/08\/cropped-logo-Flo-1.jpg","url":"https:\/\/unpsyconseil.fr\/wp-content\/uploads\/2024\/08\/cropped-logo-Flo-1.jpg","contentUrl":"https:\/\/unpsyconseil.fr\/wp-content\/uploads\/2024\/08\/cropped-logo-Flo-1.jpg","width":512,"height":512,"caption":"Florian BEN SOUSSAN"},"logo":{"@id":"https:\/\/unpsyconseil.fr\/wp-content\/uploads\/2024\/08\/cropped-logo-Flo-1.jpg"},"description":"Psychologue clincien install\u00e9 \u00e0 Sanary Sur Mer Recoit Enfants, adolescents et adultes Var agglom\u00e9ration toulonnaise","sameAs":["http:\/\/unpsyconseil.fr","https:\/\/www.facebook.com\/unpsyconseil\/","https:\/\/www.linkedin.com\/in\/florian-ben-soussan-526ba01a6\/"]}]}},"jetpack_sharing_enabled":true,"_links":{"self":[{"href":"https:\/\/unpsyconseil.fr\/index.php\/wp-json\/wp\/v2\/pages\/27","targetHints":{"allow":["GET"]}}],"collection":[{"href":"https:\/\/unpsyconseil.fr\/index.php\/wp-json\/wp\/v2\/pages"}],"about":[{"href":"https:\/\/unpsyconseil.fr\/index.php\/wp-json\/wp\/v2\/types\/page"}],"author":[{"embeddable":true,"href":"https:\/\/unpsyconseil.fr\/index.php\/wp-json\/wp\/v2\/users\/1"}],"replies":[{"embeddable":true,"href":"https:\/\/unpsyconseil.fr\/index.php\/wp-json\/wp\/v2\/comments?post=27"}],"version-history":[{"count":1,"href":"https:\/\/unpsyconseil.fr\/index.php\/wp-json\/wp\/v2\/pages\/27\/revisions"}],"predecessor-version":[{"id":28,"href":"https:\/\/unpsyconseil.fr\/index.php\/wp-json\/wp\/v2\/pages\/27\/revisions\/28"}],"wp:attachment":[{"href":"https:\/\/unpsyconseil.fr\/index.php\/wp-json\/wp\/v2\/media?parent=27"}],"curies":[{"name":"wp","href":"https:\/\/api.w.org\/{rel}","templated":true}]}}