{"id":9,"date":"2024-08-05T15:02:44","date_gmt":"2024-08-05T13:02:44","guid":{"rendered":"http:\/\/unpsyconseil.fr\/?page_id=9"},"modified":"2025-12-22T14:19:18","modified_gmt":"2025-12-22T13:19:18","slug":"florian-ben-soussan-psychologue","status":"publish","type":"page","link":"https:\/\/unpsyconseil.fr\/","title":{"rendered":"Nous vous recevons sur Toulon Ouest"},"content":{"rendered":"\n<p>Pour prendre un rendez vous avec Florian BEN SOUSSAN c&rsquo;est: <a href=\"https:\/\/perfactive.fr\/psychologue\/toulon\/florian-ben-soussan\">ICI<\/a><\/p>\n\n\n\n<h2 class=\"wp-block-heading\">Rencontrer un psychologue <\/h2>\n\n\n\n<p>C\u2019est un espace intime et s\u00e9curis\u00e9 de libre expression qui permet, dans une relation bienveillante d\u2019\u00e9coute et d\u2019\u00e9change, d\u2019acc\u00e9der \u00e0 un moment de ressourcement, de prise de recul, d\u2019exploration de son monde int\u00e9rieur. Il s\u2019agit de r\u00e9activer ses ressources personnelles, afin de parvenir \u00e0 davantage de s\u00e9r\u00e9nit\u00e9 dans la relation \u00e0 Soi et \u00e0 l\u2019Autre.<\/p>\n\n\n\n<p>Nos vies souvent mouvement\u00e9es, parfois m\u00eame bouscul\u00e9es, laissent peu de place aux temps n\u00e9cessaires pour le \u00ab prendre soin de soi \u00bb. En outre, dans nos rapports sociaux, les enjeux \u00e9motionnels et relationnels ne sont pas les m\u00eames avec les coll\u00e8gues de travail, les amis, la famille, proche ou \u00e9largie\u2026 et il est parfois difficile de parvenir \u00e0 prendre du recul face \u00e0 la r\u00e9alit\u00e9 de l\u2019autre qui vient heurter notre propre r\u00e9alit\u00e9 subjective.<br>Le psychologue vient offrir cet espace de parole et de pens\u00e9e, et guide le cheminement psychique permettant de s\u2019\u00e9veiller \u00e0 soi-m\u00eame pour, dans un second temps, mieux vivre avec les autres.<\/p>\n\n\n\n<h3 class=\"wp-block-heading\"><\/h3>\n\n\n\n<p>Le psychologue recommand\u00e9 par un ami peut ne pas correspondre \u00e0 vos propres besoins et attentes, et il faut parfois en rencontrer plusieurs afin de trouver psychologue \u00e0 sa psych\u00e9. En effet, au-del\u00e0 d\u2019une relation psychologue-patient, il s&rsquo;agit de la rencontre entre deux \u00eatres humains. Ainsi, pour que le travail th\u00e9rapeutique puisse advenir et porter des fruits, le sentiment d&rsquo;\u00eatre dans une relation d&rsquo;\u00e9coute et de confiance avec le psychologue pr\u00e9vaut souvent sur les comp\u00e9tences propres de ce dernier.<\/p>\n","protected":false},"excerpt":{"rendered":"<p>Pour prendre un rendez vous avec Florian BEN SOUSSAN c&rsquo;est: ICI Rencontrer un psychologue C\u2019est un espace intime et s\u00e9curis\u00e9 de libre [&hellip;]<\/p>\n","protected":false},"author":1,"featured_media":0,"parent":0,"menu_order":0,"comment_status":"closed","ping_status":"closed","template":"","meta":{"footnotes":""},"class_list":["post-9","page","type-page","status-publish","hentry"],"yoast_head":"<!-- This site is optimized with the Yoast SEO plugin v27.4 - https:\/\/yoast.com\/product\/yoast-seo-wordpress\/ -->\n<title>Nous vous recevons sur Toulon Ouest - Cabinet de psychologie : Un &quot;Psy&quot; Conseil ca fait pas de mal !<\/title>\n<meta name=\"description\" content=\"Psychologue bas\u00e9 sur Sanary \/ Num\u00e9ro un sur les avis au niveau du D\u00e9partement du Var selon GOOGLE AVIS et PSYCHOLOGUE.NET\" \/>\n<meta name=\"robots\" content=\"index, follow, max-snippet:-1, max-image-preview:large, max-video-preview:-1\" \/>\n<link rel=\"canonical\" href=\"https:\/\/unpsyconseil.fr\/\" \/>\n<meta property=\"og:locale\" content=\"fr_FR\" \/>\n<meta property=\"og:type\" content=\"article\" \/>\n<meta property=\"og:title\" content=\"Nous vous recevons sur Toulon Ouest - Cabinet de psychologie : Un &quot;Psy&quot; Conseil ca fait pas de mal !\" \/>\n<meta property=\"og:description\" content=\"Psychologue bas\u00e9 sur Sanary \/ Num\u00e9ro un sur les avis au niveau du D\u00e9partement du Var selon GOOGLE AVIS et PSYCHOLOGUE.NET\" \/>\n<meta property=\"og:url\" content=\"https:\/\/unpsyconseil.fr\/\" \/>\n<meta property=\"og:site_name\" content=\"Cabinet de psychologie : Un &quot;Psy&quot; Conseil ca fait pas de mal !\" \/>\n<meta property=\"article:publisher\" content=\"https:\/\/www.facebook.com\/unpsyconseil\/\" \/>\n<meta property=\"article:modified_time\" content=\"2025-12-22T13:19:18+00:00\" \/>\n<meta name=\"twitter:card\" content=\"summary_large_image\" \/>\n<meta name=\"twitter:label1\" content=\"Dur\u00e9e de lecture estim\u00e9e\" \/>\n\t<meta name=\"twitter:data1\" content=\"2 minutes\" \/>\n<script type=\"application\/ld+json\" class=\"yoast-schema-graph\">{\"@context\":\"https:\\\/\\\/schema.org\",\"@graph\":[{\"@type\":\"WebPage\",\"@id\":\"https:\\\/\\\/unpsyconseil.fr\\\/\",\"url\":\"https:\\\/\\\/unpsyconseil.fr\\\/\",\"name\":\"Nous vous recevons sur Toulon Ouest - Cabinet de psychologie : Un &quot;Psy&quot; Conseil ca fait pas de mal !\",\"isPartOf\":{\"@id\":\"https:\\\/\\\/unpsyconseil.fr\\\/#website\"},\"datePublished\":\"2024-08-05T13:02:44+00:00\",\"dateModified\":\"2025-12-22T13:19:18+00:00\",\"description\":\"Psychologue bas\u00e9 sur Sanary \\\/ Num\u00e9ro un sur les avis au niveau du D\u00e9partement du Var selon GOOGLE AVIS et PSYCHOLOGUE.NET\",\"breadcrumb\":{\"@id\":\"https:\\\/\\\/unpsyconseil.fr\\\/#breadcrumb\"},\"inLanguage\":\"fr-FR\",\"potentialAction\":[{\"@type\":\"ReadAction\",\"target\":[\"https:\\\/\\\/unpsyconseil.fr\\\/\"]}]},{\"@type\":\"BreadcrumbList\",\"@id\":\"https:\\\/\\\/unpsyconseil.fr\\\/#breadcrumb\",\"itemListElement\":[{\"@type\":\"ListItem\",\"position\":1,\"name\":\"Accueil\",\"item\":\"https:\\\/\\\/unpsyconseil.fr\\\/\"},{\"@type\":\"ListItem\",\"position\":2,\"name\":\"Nous vous recevons sur Toulon Ouest\"}]},{\"@type\":\"WebSite\",\"@id\":\"https:\\\/\\\/unpsyconseil.fr\\\/#website\",\"url\":\"https:\\\/\\\/unpsyconseil.fr\\\/\",\"name\":\"UnPsyConseil\",\"description\":\"Florian BEN SOUSSAN psychologue\",\"publisher\":{\"@id\":\"https:\\\/\\\/unpsyconseil.fr\\\/#\\\/schema\\\/person\\\/d9e64997b782fef7efd84120e697f0ee\"},\"potentialAction\":[{\"@type\":\"SearchAction\",\"target\":{\"@type\":\"EntryPoint\",\"urlTemplate\":\"https:\\\/\\\/unpsyconseil.fr\\\/?s={search_term_string}\"},\"query-input\":{\"@type\":\"PropertyValueSpecification\",\"valueRequired\":true,\"valueName\":\"search_term_string\"}}],\"inLanguage\":\"fr-FR\"},{\"@type\":[\"Person\",\"Organization\"],\"@id\":\"https:\\\/\\\/unpsyconseil.fr\\\/#\\\/schema\\\/person\\\/d9e64997b782fef7efd84120e697f0ee\",\"name\":\"Florian BEN SOUSSAN\",\"image\":{\"@type\":\"ImageObject\",\"inLanguage\":\"fr-FR\",\"@id\":\"https:\\\/\\\/unpsyconseil.fr\\\/wp-content\\\/uploads\\\/2024\\\/08\\\/cropped-logo-Flo-1.jpg\",\"url\":\"https:\\\/\\\/unpsyconseil.fr\\\/wp-content\\\/uploads\\\/2024\\\/08\\\/cropped-logo-Flo-1.jpg\",\"contentUrl\":\"https:\\\/\\\/unpsyconseil.fr\\\/wp-content\\\/uploads\\\/2024\\\/08\\\/cropped-logo-Flo-1.jpg\",\"width\":512,\"height\":512,\"caption\":\"Florian BEN SOUSSAN\"},\"logo\":{\"@id\":\"https:\\\/\\\/unpsyconseil.fr\\\/wp-content\\\/uploads\\\/2024\\\/08\\\/cropped-logo-Flo-1.jpg\"},\"description\":\"Psychologue clincien install\u00e9 \u00e0 Sanary Sur Mer Recoit Enfants, adolescents et adultes Var agglom\u00e9ration toulonnaise\",\"sameAs\":[\"http:\\\/\\\/unpsyconseil.fr\",\"https:\\\/\\\/www.facebook.com\\\/unpsyconseil\\\/\",\"https:\\\/\\\/www.linkedin.com\\\/in\\\/florian-ben-soussan-526ba01a6\\\/\"]}]}<\/script>\n<!-- \/ Yoast SEO plugin. -->","yoast_head_json":{"title":"Nous vous recevons sur Toulon Ouest - Cabinet de psychologie : Un &quot;Psy&quot; Conseil ca fait pas de mal !","description":"Psychologue bas\u00e9 sur Sanary \/ Num\u00e9ro un sur les avis au niveau du D\u00e9partement du Var selon GOOGLE AVIS et PSYCHOLOGUE.NET","robots":{"index":"index","follow":"follow","max-snippet":"max-snippet:-1","max-image-preview":"max-image-preview:large","max-video-preview":"max-video-preview:-1"},"canonical":"https:\/\/unpsyconseil.fr\/","og_locale":"fr_FR","og_type":"article","og_title":"Nous vous recevons sur Toulon Ouest - Cabinet de psychologie : Un &quot;Psy&quot; Conseil ca fait pas de mal !","og_description":"Psychologue bas\u00e9 sur Sanary \/ Num\u00e9ro un sur les avis au niveau du D\u00e9partement du Var selon GOOGLE AVIS et PSYCHOLOGUE.NET","og_url":"https:\/\/unpsyconseil.fr\/","og_site_name":"Cabinet de psychologie : Un &quot;Psy&quot; Conseil ca fait pas de mal !","article_publisher":"https:\/\/www.facebook.com\/unpsyconseil\/","article_modified_time":"2025-12-22T13:19:18+00:00","twitter_card":"summary_large_image","twitter_misc":{"Dur\u00e9e de lecture estim\u00e9e":"2 minutes"},"schema":{"@context":"https:\/\/schema.org","@graph":[{"@type":"WebPage","@id":"https:\/\/unpsyconseil.fr\/","url":"https:\/\/unpsyconseil.fr\/","name":"Nous vous recevons sur Toulon Ouest - Cabinet de psychologie : Un &quot;Psy&quot; Conseil ca fait pas de mal !","isPartOf":{"@id":"https:\/\/unpsyconseil.fr\/#website"},"datePublished":"2024-08-05T13:02:44+00:00","dateModified":"2025-12-22T13:19:18+00:00","description":"Psychologue bas\u00e9 sur Sanary \/ Num\u00e9ro un sur les avis au niveau du D\u00e9partement du Var selon GOOGLE AVIS et PSYCHOLOGUE.NET","breadcrumb":{"@id":"https:\/\/unpsyconseil.fr\/#breadcrumb"},"inLanguage":"fr-FR","potentialAction":[{"@type":"ReadAction","target":["https:\/\/unpsyconseil.fr\/"]}]},{"@type":"BreadcrumbList","@id":"https:\/\/unpsyconseil.fr\/#breadcrumb","itemListElement":[{"@type":"ListItem","position":1,"name":"Accueil","item":"https:\/\/unpsyconseil.fr\/"},{"@type":"ListItem","position":2,"name":"Nous vous recevons sur Toulon Ouest"}]},{"@type":"WebSite","@id":"https:\/\/unpsyconseil.fr\/#website","url":"https:\/\/unpsyconseil.fr\/","name":"UnPsyConseil","description":"Florian BEN SOUSSAN psychologue","publisher":{"@id":"https:\/\/unpsyconseil.fr\/#\/schema\/person\/d9e64997b782fef7efd84120e697f0ee"},"potentialAction":[{"@type":"SearchAction","target":{"@type":"EntryPoint","urlTemplate":"https:\/\/unpsyconseil.fr\/?s={search_term_string}"},"query-input":{"@type":"PropertyValueSpecification","valueRequired":true,"valueName":"search_term_string"}}],"inLanguage":"fr-FR"},{"@type":["Person","Organization"],"@id":"https:\/\/unpsyconseil.fr\/#\/schema\/person\/d9e64997b782fef7efd84120e697f0ee","name":"Florian BEN SOUSSAN","image":{"@type":"ImageObject","inLanguage":"fr-FR","@id":"https:\/\/unpsyconseil.fr\/wp-content\/uploads\/2024\/08\/cropped-logo-Flo-1.jpg","url":"https:\/\/unpsyconseil.fr\/wp-content\/uploads\/2024\/08\/cropped-logo-Flo-1.jpg","contentUrl":"https:\/\/unpsyconseil.fr\/wp-content\/uploads\/2024\/08\/cropped-logo-Flo-1.jpg","width":512,"height":512,"caption":"Florian BEN SOUSSAN"},"logo":{"@id":"https:\/\/unpsyconseil.fr\/wp-content\/uploads\/2024\/08\/cropped-logo-Flo-1.jpg"},"description":"Psychologue clincien install\u00e9 \u00e0 Sanary Sur Mer Recoit Enfants, adolescents et adultes Var agglom\u00e9ration toulonnaise","sameAs":["http:\/\/unpsyconseil.fr","https:\/\/www.facebook.com\/unpsyconseil\/","https:\/\/www.linkedin.com\/in\/florian-ben-soussan-526ba01a6\/"]}]}},"jetpack_sharing_enabled":true,"_links":{"self":[{"href":"https:\/\/unpsyconseil.fr\/index.php\/wp-json\/wp\/v2\/pages\/9","targetHints":{"allow":["GET"]}}],"collection":[{"href":"https:\/\/unpsyconseil.fr\/index.php\/wp-json\/wp\/v2\/pages"}],"about":[{"href":"https:\/\/unpsyconseil.fr\/index.php\/wp-json\/wp\/v2\/types\/page"}],"author":[{"embeddable":true,"href":"https:\/\/unpsyconseil.fr\/index.php\/wp-json\/wp\/v2\/users\/1"}],"replies":[{"embeddable":true,"href":"https:\/\/unpsyconseil.fr\/index.php\/wp-json\/wp\/v2\/comments?post=9"}],"version-history":[{"count":8,"href":"https:\/\/unpsyconseil.fr\/index.php\/wp-json\/wp\/v2\/pages\/9\/revisions"}],"predecessor-version":[{"id":114,"href":"https:\/\/unpsyconseil.fr\/index.php\/wp-json\/wp\/v2\/pages\/9\/revisions\/114"}],"wp:attachment":[{"href":"https:\/\/unpsyconseil.fr\/index.php\/wp-json\/wp\/v2\/media?parent=9"}],"curies":[{"name":"wp","href":"https:\/\/api.w.org\/{rel}","templated":true}]}}